{"id":1431,"date":"2023-05-25T08:40:01","date_gmt":"2023-05-25T08:40:01","guid":{"rendered":"http:\/\/relaunch.uuu-berlin.de\/?page_id=1431"},"modified":"2025-11-13T20:37:42","modified_gmt":"2025-11-13T20:37:42","slug":"faq","status":"publish","type":"page","link":"https:\/\/uuu-berlin.de\/de\/faq\/","title":{"rendered":"Frequently Asked Questions"},"content":{"rendered":"<div class=\"wp-block-cover alignfull has-custom-content-position is-position-top-center\" style=\"min-height:95vh;aspect-ratio:unset;\"><img loading=\"lazy\" decoding=\"async\" width=\"2048\" height=\"1536\" class=\"wp-block-cover__image-background wp-image-2457\" alt=\"\" src=\"https:\/\/uuu-berlin.de\/wp-content\/uploads\/2025\/11\/whitetea-1.jpeg\" data-object-fit=\"cover\" srcset=\"https:\/\/uuu-berlin.de\/wp-content\/uploads\/2025\/11\/whitetea-1.jpeg 2048w, https:\/\/uuu-berlin.de\/wp-content\/uploads\/2025\/11\/whitetea-1-300x225.jpeg 300w, https:\/\/uuu-berlin.de\/wp-content\/uploads\/2025\/11\/whitetea-1-1024x768.jpeg 1024w, https:\/\/uuu-berlin.de\/wp-content\/uploads\/2025\/11\/whitetea-1-768x576.jpeg 768w, https:\/\/uuu-berlin.de\/wp-content\/uploads\/2025\/11\/whitetea-1-1536x1152.jpeg 1536w, https:\/\/uuu-berlin.de\/wp-content\/uploads\/2025\/11\/whitetea-1-16x12.jpeg 16w\" sizes=\"auto, (max-width: 2048px) 100vw, 2048px\" \/><span aria-hidden=\"true\" class=\"wp-block-cover__background has-background-dim-0 has-background-dim\" style=\"background-color:#FFF\"><\/span><div class=\"wp-block-cover__inner-container has-global-padding is-layout-constrained wp-container-core-cover-is-layout-b1fefe26 wp-block-cover-is-layout-constrained\">\n<div class=\"wp-block-group alignwide is-vertical is-content-justification-center is-layout-flex wp-container-core-group-is-layout-f2c6874e wp-block-group-is-layout-flex\">\n<div class=\"wp-block-group alignfull has-secondary-color has-text-color has-global-padding is-content-justification-center is-layout-constrained wp-container-core-group-is-layout-f2ca5b04 wp-block-group-is-layout-constrained\" style=\"padding-top:var(--wp--preset--spacing--30);padding-right:var(--wp--preset--spacing--30);padding-bottom:var(--wp--preset--spacing--30);padding-left:var(--wp--preset--spacing--30);font-size:clamp(1.696rem, 1.696rem + ((1vw - 0.2rem) * 1.505), 2.9rem);\">\n<div class=\"wp-block-group alignwide is-vertical is-content-justification-center is-layout-flex wp-container-core-group-is-layout-81423f52 wp-block-group-is-layout-flex\"><h1 class=\"wp-elements-894557bdf7dc12bbd52f598fa19e9456 wp-block-site-title has-xx-large-font-size\">UUU<\/h1>\n\n<nav style=\"font-size:clamp(0.875rem, 0.875rem + ((1vw - 0.2rem) * 0.156), 1rem);\" class=\"items-justified-left wp-block-navigation is-horizontal is-content-justification-left is-layout-flex wp-container-core-navigation-is-layout-111119e3 wp-block-navigation-is-layout-flex\" aria-label=\"Desktop Men\u00fc\"><ul style=\"font-size:clamp(0.875rem, 0.875rem + ((1vw - 0.2rem) * 0.156), 1rem);\" class=\"wp-block-navigation__container items-justified-left wp-block-navigation\"><li style=\"font-size: clamp(0.875rem, 0.875rem + ((1vw - 0.2rem) * 0.156), 1rem);\" class=\"wp-block-navigation-item  menu-item menu-item-type-post_type menu-item-object-page wp-block-navigation-link\"><a class=\"wp-block-navigation-item__content\"  href=\"https:\/\/uuu-berlin.de\/de\/about\/\" title=\"\"><span class=\"wp-block-navigation-item__label\">\u00fcber uns<\/span><\/a><\/li><li style=\"font-size: clamp(0.875rem, 0.875rem + ((1vw - 0.2rem) * 0.156), 1rem);\" class=\"wp-block-navigation-item  menu-item menu-item-type-post_type menu-item-object-page wp-block-navigation-link\"><a class=\"wp-block-navigation-item__content\"  href=\"https:\/\/uuu-berlin.de\/de\/menu\/\" title=\"\"><span class=\"wp-block-navigation-item__label\">karte<\/span><\/a><\/li><li style=\"font-size: clamp(0.875rem, 0.875rem + ((1vw - 0.2rem) * 0.156), 1rem);\" class=\"wp-block-navigation-item  menu-item menu-item-type-post_type menu-item-object-page wp-block-navigation-link\"><a class=\"wp-block-navigation-item__content\"  href=\"https:\/\/uuu-berlin.de\/de\/private\/\" title=\"\"><span class=\"wp-block-navigation-item__label\">private events<\/span><\/a><\/li><li style=\"font-size: clamp(0.875rem, 0.875rem + ((1vw - 0.2rem) * 0.156), 1rem);\" class=\"wp-block-navigation-item  menu-item menu-item-type-post_type menu-item-object-page wp-block-navigation-link\"><a class=\"wp-block-navigation-item__content\"  href=\"https:\/\/uuu-berlin.de\/de\/faq\/\" title=\"\"><span class=\"wp-block-navigation-item__label\">faq<\/span><\/a><\/li><li style=\"font-size: clamp(0.875rem, 0.875rem + ((1vw - 0.2rem) * 0.156), 1rem);\" class=\"wp-block-navigation-item wp-block-navigation-link\"><a class=\"wp-block-navigation-item__content\"  href=\"https:\/\/uuu-berlin.de\/de\/chilioil\/\"><span class=\"wp-block-navigation-item__label\">chili oil<\/span><\/a><\/li><\/ul><\/nav><\/div>\n<\/div>\n<\/div>\n<\/div><\/div>\n\n\n\n<div style=\"height:50px\" aria-hidden=\"true\" class=\"wp-block-spacer\"><\/div>\n\n\n\n<p>Alles, was Sie eventuell vor einem Besuch im UUU wissen m\u00f6chten.<\/p>\n\n\n\n<div class=\"wp-block-group has-global-padding is-layout-constrained wp-container-core-group-is-layout-e0082cf6 wp-block-group-is-layout-constrained\">\n<div class=\"wp-block-group is-vertical is-layout-flex wp-container-core-group-is-layout-4b827052 wp-block-group-is-layout-flex\">\n<h3 class=\"wp-block-heading has-medium-font-size\"><strong>Wie finde ich das UUU?<\/strong><\/h3>\n\n\n\n<p>Sie finden uns in der Sprengelstra\u00dfe 15 in Berlin-Wedding im Erdgeschoss, mit dem Eingang auf der rechten Seite, wenn Sie vor dem Durchgang zum Hof stehen. Das Fenster mit den Pflanzen \u2013 das sind wir. Wenn Sie uns nicht sehen, klingeln Sie einfach an der T\u00fcr. Sollten Sie uns nicht finden, z\u00f6gern Sie nicht, uns anzurufen.<\/p>\n<\/div>\n\n\n\n<div style=\"height:10px\" aria-hidden=\"true\" class=\"wp-block-spacer\"><\/div>\n\n\n\n<div class=\"wp-block-group is-vertical is-layout-flex wp-container-core-group-is-layout-4b827052 wp-block-group-is-layout-flex\">\n<h3 class=\"wp-block-heading has-medium-font-size\"><strong>Ist eine Reservierung n\u00f6tig?<\/strong><\/h3>\n\n\n\n<p>Ja, bitte reservieren Sie \u00fcber unsere Website.<\/p>\n\n\n\n<div style=\"height:0px\" aria-hidden=\"true\" class=\"wp-block-spacer wp-container-content-728072c3\"><\/div>\n<\/div>\n\n\n\n<div class=\"wp-block-group is-vertical is-layout-flex wp-container-core-group-is-layout-4b827052 wp-block-group-is-layout-flex\">\n<h3 class=\"wp-block-heading has-medium-font-size\"><strong>Muss ich den Tisch mit Fremden teilen? Gibt es andere Sitzoptionen?<\/strong><\/h3>\n\n\n\n<p>Unser runder Tisch bildet das Herzst\u00fcck unseres Restaurants. Sie sitzen neben anderen G\u00e4sten, doch es bleibt Ihnen \u00fcberlassen, ob Sie interagieren m\u00f6chten oder das Gespr\u00e4ch auf Ihre Gruppe beschr\u00e4nken. Gruppen von vier oder mehr Personen k\u00f6nnen an einem separaten Tisch in einem anderen Raum platziert werden. Falls Sie einen Ort f\u00fcr vertrauliche Gespr\u00e4che suchen, empfehlen wir ein anderes Restaurant, das mehr Privatsph\u00e4re bietet. Denken Sie auch daran, dass wir auch ein <a href=\"https:\/\/uuu-berlin.de\/de\/private-events\/\" data-type=\"page\" data-id=\"1492\">Privates Dinner<\/a> anbieten k\u00f6nnen, insoweit Sie zu sechst oder mehr kommen.<\/p>\n\n\n\n<div style=\"height:0px\" aria-hidden=\"true\" class=\"wp-block-spacer wp-container-content-728072c3\"><\/div>\n<\/div>\n\n\n\n<div class=\"wp-block-group is-vertical is-layout-flex wp-container-core-group-is-layout-4b827052 wp-block-group-is-layout-flex\">\n<h3 class=\"wp-block-heading has-medium-font-size\"><strong>K\u00f6nnen Sie auf spezielle Ern\u00e4hrungsbed\u00fcrfnisse oder Allergien R\u00fccksicht nehmen?<\/strong><\/h3>\n\n\n\n<p>In den meisten F\u00e4llen ja, aber es ist wichtig, dass Sie uns im Voraus \u00fcber das Anmerkungsfeld im Reservierungsfenster informieren. Denken Sie auch daran, sich mit Ihren Mitg\u00e4sten abzustimmen. Sollten seltene Allergien oder spezielle Ern\u00e4hrungsbed\u00fcrfnisse in Ihrer Gruppe bestehen, kontaktieren Sie uns bitte vor der Reservierung. Spontan am Tisch mitgeteilte Ern\u00e4hrungsbed\u00fcrfnisse k\u00f6nnen nicht ber\u00fccksichtigt werden.<\/p>\n\n\n\n<div style=\"height:0px\" aria-hidden=\"true\" class=\"wp-block-spacer wp-container-content-728072c3\"><\/div>\n<\/div>\n\n\n\n<div class=\"wp-block-group is-vertical is-layout-flex wp-container-core-group-is-layout-4b827052 wp-block-group-is-layout-flex\">\n<h3 class=\"wp-block-heading has-medium-font-size\"><strong>Sind Kinder erlaubt?<\/strong><\/h3>\n\n\n\n<p>Wir freuen uns \u00fcber Besuch mit Kindern ab zehn Jahren. <\/p>\n\n\n\n<div style=\"height:0px\" aria-hidden=\"true\" class=\"wp-block-spacer wp-container-content-728072c3\"><\/div>\n<\/div>\n\n\n\n<div class=\"wp-block-group is-vertical is-layout-flex wp-container-core-group-is-layout-4b827052 wp-block-group-is-layout-flex\">\n<h3 class=\"wp-block-heading has-medium-font-size\"><strong>Was passiert, wenn ich meine Buchung stornieren, \u00e4ndern oder verschieben muss?<\/strong><\/h3>\n\n\n\n<p>Sie k\u00f6nnen Ihre Reservierung bis zu 24 Stunden vor Ihrem Besuch stornieren, \u00e4ndern oder verschieben. Bei sp\u00e4teren \u00c4nderungen, Stornierungen oder Nichterscheinen berechnen wir eine Geb\u00fchr von 40 Euro pro Person.<\/p>\n\n\n\n<div style=\"height:0px\" aria-hidden=\"true\" class=\"wp-block-spacer wp-container-content-728072c3\"><\/div>\n<\/div>\n\n\n\n<div class=\"wp-block-group is-vertical is-layout-flex wp-container-core-group-is-layout-4b827052 wp-block-group-is-layout-flex\">\n<h3 class=\"wp-block-heading has-medium-font-size\"><strong>Wird Wein serviert?<\/strong><\/h3>\n\n\n\n<p>Nein. Unsere Getr\u00e4nkekarte konzentriert sich auf chinesische Tees \u2013 mit einem Schwerpunkt auf Kombucha, Cold Brews, hei\u00dfen Aufg\u00fcssen und teeinfusionierten alkoholischen Getr\u00e4nken.<\/p>\n\n\n\n<div style=\"height:0px\" aria-hidden=\"true\" class=\"wp-block-spacer wp-container-content-728072c3\"><\/div>\n<\/div>\n\n\n\n<div class=\"wp-block-group is-vertical is-layout-flex wp-container-core-group-is-layout-4b827052 wp-block-group-is-layout-flex\">\n<h3 class=\"wp-block-heading has-medium-font-size\"><strong>Liegt der Schwerpunkt Ihres Men\u00fcs auf einer bestimmten chinesischen Region?<\/strong><\/h3>\n\n\n\n<p>Nein, wir lassen uns von allen chinesischen K\u00fcchen inspirieren, einschlie\u00dflich der chinesischen Diaspora, und streben danach, sowohl die Vielfalt als auch die einzigartigen Elemente, die chinesisches Essen weltweit verbinden, widerzuspiegeln.<\/p>\n\n\n\n<div style=\"height:0px\" aria-hidden=\"true\" class=\"wp-block-spacer wp-container-content-728072c3\"><\/div>\n<\/div>\n\n\n\n<div class=\"wp-block-group is-vertical is-layout-flex wp-container-core-group-is-layout-4b827052 wp-block-group-is-layout-flex\">\n<h3 class=\"wp-block-heading has-medium-font-size\"><strong>Servieren Sie authentische chinesische K\u00fcche?<\/strong><\/h3>\n\n\n\n<p>Authentizit\u00e4t ist f\u00fcr uns kein zentrales Anliegen. Chinesische K\u00f6che haben sich noch nie darauf beschr\u00e4nkt, Rezepte einfach zu kopieren \u2013 und wir tun das auch nicht. Einige unserer Gerichte sind neu interpretierte Klassiker, andere vollkommen neue Kreationen, die man so nirgendwo in China findet. Doch selbst dann l\u00e4sst sich die Idee hinter jedem Gericht immer auf die chinesische K\u00fcche zur\u00fcckf\u00fchren.<\/p>\n<\/div>\n<\/div>","protected":false},"excerpt":{"rendered":"<p>Everything you might want to know before visiting UUU How do I find UUU? You will find us at Sprengelstra\u00dfe 15 in Berlin-Wedding on the ground floor, with the entry located to your right when facing the courtyard passage. The window with the plants &#8211; that&#8217;s us. If you cannot see us, just ring the [&hellip;]<\/p>\n","protected":false},"author":3,"featured_media":0,"parent":0,"menu_order":0,"comment_status":"closed","ping_status":"closed","template":"","meta":{"footnotes":""},"class_list":["post-1431","page","type-page","status-publish","hentry"],"_links":{"self":[{"href":"https:\/\/uuu-berlin.de\/de\/wp-json\/wp\/v2\/pages\/1431","targetHints":{"allow":["GET"]}}],"collection":[{"href":"https:\/\/uuu-berlin.de\/de\/wp-json\/wp\/v2\/pages"}],"about":[{"href":"https:\/\/uuu-berlin.de\/de\/wp-json\/wp\/v2\/types\/page"}],"author":[{"embeddable":true,"href":"https:\/\/uuu-berlin.de\/de\/wp-json\/wp\/v2\/users\/3"}],"replies":[{"embeddable":true,"href":"https:\/\/uuu-berlin.de\/de\/wp-json\/wp\/v2\/comments?post=1431"}],"version-history":[{"count":29,"href":"https:\/\/uuu-berlin.de\/de\/wp-json\/wp\/v2\/pages\/1431\/revisions"}],"predecessor-version":[{"id":2486,"href":"https:\/\/uuu-berlin.de\/de\/wp-json\/wp\/v2\/pages\/1431\/revisions\/2486"}],"wp:attachment":[{"href":"https:\/\/uuu-berlin.de\/de\/wp-json\/wp\/v2\/media?parent=1431"}],"curies":[{"name":"wp","href":"https:\/\/api.w.org\/{rel}","templated":true}]}}