{"id":1490,"date":"2023-05-25T10:10:48","date_gmt":"2023-05-25T10:10:48","guid":{"rendered":"http:\/\/relaunch.uuu-berlin.de\/?page_id=1490"},"modified":"2026-01-23T08:42:22","modified_gmt":"2026-01-23T08:42:22","slug":"menu","status":"publish","type":"page","link":"https:\/\/uuu-berlin.de\/de\/menu\/","title":{"rendered":"Menu"},"content":{"rendered":"<div class=\"wp-block-cover alignfull is-light has-custom-content-position is-position-top-center\" style=\"min-height:95vh;aspect-ratio:unset;\"><img loading=\"lazy\" decoding=\"async\" width=\"1024\" height=\"768\" class=\"wp-block-cover__image-background wp-image-2462 size-large\" alt=\"\" src=\"https:\/\/uuu-berlin.de\/wp-content\/uploads\/2025\/11\/cockles-1-1024x768.jpeg\" data-object-fit=\"cover\" srcset=\"https:\/\/uuu-berlin.de\/wp-content\/uploads\/2025\/11\/cockles-1-1024x768.jpeg 1024w, https:\/\/uuu-berlin.de\/wp-content\/uploads\/2025\/11\/cockles-1-300x225.jpeg 300w, https:\/\/uuu-berlin.de\/wp-content\/uploads\/2025\/11\/cockles-1-768x576.jpeg 768w, https:\/\/uuu-berlin.de\/wp-content\/uploads\/2025\/11\/cockles-1-1536x1152.jpeg 1536w, https:\/\/uuu-berlin.de\/wp-content\/uploads\/2025\/11\/cockles-1-16x12.jpeg 16w, https:\/\/uuu-berlin.de\/wp-content\/uploads\/2025\/11\/cockles-1.jpeg 2048w\" sizes=\"auto, (max-width: 1024px) 100vw, 1024px\" \/><span aria-hidden=\"true\" class=\"wp-block-cover__background has-background-dim-0 has-background-dim has-background-gradient\" style=\"background-color:#FFF;background:linear-gradient(180deg,rgb(0,0,0) 0%,rgba(155,81,224,0) 51%)\"><\/span><div class=\"wp-block-cover__inner-container has-global-padding is-layout-constrained wp-container-core-cover-is-layout-b1fefe26 wp-block-cover-is-layout-constrained\">\n<div class=\"wp-block-group alignfull has-secondary-color has-text-color has-global-padding is-content-justification-center is-layout-constrained wp-container-core-group-is-layout-f2ca5b04 wp-block-group-is-layout-constrained\" style=\"padding-top:var(--wp--preset--spacing--30);padding-right:var(--wp--preset--spacing--30);padding-bottom:var(--wp--preset--spacing--30);padding-left:var(--wp--preset--spacing--30);font-size:clamp(1.696rem, 1.696rem + ((1vw - 0.2rem) * 1.505), 2.9rem);\">\n<div class=\"wp-block-group alignwide is-vertical is-content-justification-center is-layout-flex wp-container-core-group-is-layout-81423f52 wp-block-group-is-layout-flex\"><h1 class=\"wp-elements-894557bdf7dc12bbd52f598fa19e9456 wp-block-site-title has-xx-large-font-size\">UUU<\/h1>\n\n<nav style=\"font-size:clamp(0.875rem, 0.875rem + ((1vw - 0.2rem) * 0.156), 1rem);\" class=\"items-justified-left wp-block-navigation is-horizontal is-content-justification-left is-layout-flex wp-container-core-navigation-is-layout-111119e3 wp-block-navigation-is-layout-flex\" aria-label=\"Desktop Men\u00fc\"><ul style=\"font-size:clamp(0.875rem, 0.875rem + ((1vw - 0.2rem) * 0.156), 1rem);\" class=\"wp-block-navigation__container items-justified-left wp-block-navigation\"><li style=\"font-size: clamp(0.875rem, 0.875rem + ((1vw - 0.2rem) * 0.156), 1rem);\" class=\"wp-block-navigation-item  menu-item menu-item-type-post_type menu-item-object-page wp-block-navigation-link\"><a class=\"wp-block-navigation-item__content\"  href=\"https:\/\/uuu-berlin.de\/de\/about\/\" title=\"\"><span class=\"wp-block-navigation-item__label\">\u00fcber uns<\/span><\/a><\/li><li style=\"font-size: clamp(0.875rem, 0.875rem + ((1vw - 0.2rem) * 0.156), 1rem);\" class=\"wp-block-navigation-item  menu-item menu-item-type-post_type menu-item-object-page wp-block-navigation-link\"><a class=\"wp-block-navigation-item__content\"  href=\"https:\/\/uuu-berlin.de\/de\/menu\/\" title=\"\"><span class=\"wp-block-navigation-item__label\">karte<\/span><\/a><\/li><li style=\"font-size: clamp(0.875rem, 0.875rem + ((1vw - 0.2rem) * 0.156), 1rem);\" class=\"wp-block-navigation-item  menu-item menu-item-type-post_type menu-item-object-page wp-block-navigation-link\"><a class=\"wp-block-navigation-item__content\"  href=\"https:\/\/uuu-berlin.de\/de\/private\/\" title=\"\"><span class=\"wp-block-navigation-item__label\">private events<\/span><\/a><\/li><li style=\"font-size: clamp(0.875rem, 0.875rem + ((1vw - 0.2rem) * 0.156), 1rem);\" class=\"wp-block-navigation-item  menu-item menu-item-type-post_type menu-item-object-page wp-block-navigation-link\"><a class=\"wp-block-navigation-item__content\"  href=\"https:\/\/uuu-berlin.de\/de\/faq\/\" title=\"\"><span class=\"wp-block-navigation-item__label\">faq<\/span><\/a><\/li><li style=\"font-size: clamp(0.875rem, 0.875rem + ((1vw - 0.2rem) * 0.156), 1rem);\" class=\"wp-block-navigation-item wp-block-navigation-link\"><a class=\"wp-block-navigation-item__content\"  href=\"https:\/\/uuu-berlin.de\/de\/chilioil\/\"><span class=\"wp-block-navigation-item__label\">chili oil<\/span><\/a><\/li><\/ul><\/nav><\/div>\n<\/div>\n<\/div><\/div>\n\n\n\n<div style=\"height:50px\" aria-hidden=\"true\" class=\"wp-block-spacer\"><\/div>\n\n\n\n<h2 class=\"wp-block-heading\">UUU \u00e0 la carte<\/h2>\n\n\n\n<p>Unser derzeitiges Men\u00fc besteht haupts\u00e4chlich aus Gerichten, die zum Teilen gedacht sind. Jede Woche ist etwas anders, unsere Gerichte entwickeln sich mit den Jahreszeiten, Verf\u00fcgbarkeit von Gem\u00fcse, Fleisch und Fisch und unseren neusten Ideen und Vorlieben. Deshalb ist das untenstehende Men\u00fc nur ein Beispiel, Speisen und Preise k\u00f6nnen sich \u00e4ndern.<\/p>\n\n\n\n<p><em>Last updated on January 23rd 2026<\/em><\/p>\n\n\n\n<figure class=\"wp-block-table has-small-font-size\"><table style=\"border-style:none;border-width:0px\"><tbody><tr><td>Winter Salad tossed in Chili Oil with Roasted Cashews<br>\u8fa3\u6912\u6cb9\u51c9\u62cc\u82e6\u82e3 \uff0c\u8170\u679c<\/td><td>16&nbsp;\u20ac<\/td><\/tr><tr><td>Two Steamed Oysters, Fennel, Shengyan-Dressing<br>\u814c\u91ce\u751f\u751f\u869d\uff0c\u8334\u9999\u5934\uff082\u53ea \uff09<\/td><td>16 \u20ac<\/td><\/tr><tr><td>Pidan Eggs with Scorched Peppers and Finger Limes<br>\u76ae\u86cb\u70e7\u6912<\/td><td>14&nbsp;\u20ac<\/td><\/tr><tr><td>Numbing Chicken<br>\u6912\u9ebb\u9e21<\/td><td>26\u00a0\u20ac<\/td><\/tr><tr><td>Homemade Tofu stuffed with Ib\u00e9rico Pork, Scallop Fond<br>\u917f\u8c46\u8150\uff0c\u4f0a\u6bd4\u5229\u4e9a\u732a\u8089\uff0c\u6247\u8d1d\u6c64<\/td><td>26 \u20ac<\/td><\/tr><tr><td>Fried Oyster Mushrooms, Black Truffle, Celeriac, Celery Oil<br>\u70b8\u5e73\u83c7\uff0c\u821e\u8338\uff0c\u9ed1\u677e\u9732\uff0c\u82b9\u83dc\u6839 \uff0c\u82b9\u83dc\u6cb9<\/td><td>24 \u20ac<\/td><\/tr><tr><td>Steamed Seabass, Fermented Lantern Chilies, Brined Lemons<br>\u706f\u7b3c\u6912\u54b8\u67e0\u84b8\u9c88\u9c7c<\/td><td>39 \u20ac<\/td><\/tr><tr><td><\/td><td><\/td><\/tr><tr><td>Steamed Bun<br>\u82b1\u5377<\/td><td> 4&nbsp;\u20ac<\/td><\/tr><tr><td>Rice (small bowl)<br>\u7c73\u996d<\/td><td>3&nbsp;\u20ac<\/td><\/tr><tr><td><\/td><td><\/td><\/tr><tr><td>Carrot Sponge, Bergamot Sorbet, Cream Cheese<br>\u80e1\u841d\u535c\uff0c\u9999\u67e0\u6aac\u51b0\u723d\uff0c\u9178\u5976\u6cb9<\/td><td>13 \u20ac<\/td><\/tr><tr><td>Thai Basil Ice Cream, Coconut, Soy Meringue<br>\u4e5d\u5c42\u5854\u51b0\u6dc7\u6dcb\uff0c\u6307\u6a59\uff0c\u9ec4\u8c46\u767d\u971c<\/td><td>11 \u20ac<\/td><\/tr><tr><td><\/td><td><\/td><\/tr><tr><td>Dianhong Black Kombucha<br>\u6ec7\u7ea2\u5eb7\u666e\u8336<\/td><td>10&nbsp;\u20ac<\/td><\/tr><tr><td>Raw Pu&#8217;er Kombucha<br>\u751f\u666e\u5eb7\u666e\u8336<\/td><td>10&nbsp;\u20ac<\/td><\/tr><tr><td>White Peony Tea Cold Brew&nbsp;<br>\u51b7\u8403\u767d\u7261\u4e39\u8336<\/td><td>8&nbsp;\u20ac<\/td><\/tr><tr><td>Yabao Buds Coldbrew<br>\u51b7\u8403\u82bd\u82de\u8336<\/td><td>8&nbsp;\u20ac<\/td><\/tr><tr><td>Honey Orchid Oolong Hot Brew<br>\u871c\u5170\u9999\u4e4c\u9f99<\/td><td>8 \u20ac<\/td><\/tr><tr><td>Vintage White Hot Brew<br>\u95f7\u6ce1\u8001\u767d\u8336<\/td><td>8 \u20ac<\/td><\/tr><tr><td>Silver Needle Martini<br>\u94f6\u9488\u9a6c\u63d0\u5c3c<\/td><td>15&nbsp;\u20ac<\/td><\/tr><tr><td>Clarified Oolong Gin Sour<br>\u4e4c\u9f99\u91d1\u9178<\/td><td>15&nbsp;\u20ac<\/td><\/tr><tr><td>Plum Manhattan<br>\u6885\u9152\u66fc\u54c8\u987f<\/td><td>15 \u20ac<\/td><\/tr><tr><td>Plum Wine-Grapefruit Soda<br>\u81ea\u917f\u6885\u9152\u897f\u67da\u82cf\u6253<\/td><td>8 \u20ac<\/td><\/tr><\/tbody><\/table><\/figure>\n\n\n\n<p><\/p>","protected":false},"excerpt":{"rendered":"<p>UUU \u00e0 la carte Our current menu is mainly made up of dishes that are meant to share. Each week is a little different, as our dishes are constantly evolving with the seasons and availability of vegetables, meat and sea food and our recent ideas and preferences. So the menu below is just a sample, [&hellip;]<\/p>\n","protected":false},"author":3,"featured_media":0,"parent":0,"menu_order":0,"comment_status":"closed","ping_status":"closed","template":"","meta":{"footnotes":"[]"},"class_list":["post-1490","page","type-page","status-publish","hentry"],"_links":{"self":[{"href":"https:\/\/uuu-berlin.de\/de\/wp-json\/wp\/v2\/pages\/1490","targetHints":{"allow":["GET"]}}],"collection":[{"href":"https:\/\/uuu-berlin.de\/de\/wp-json\/wp\/v2\/pages"}],"about":[{"href":"https:\/\/uuu-berlin.de\/de\/wp-json\/wp\/v2\/types\/page"}],"author":[{"embeddable":true,"href":"https:\/\/uuu-berlin.de\/de\/wp-json\/wp\/v2\/users\/3"}],"replies":[{"embeddable":true,"href":"https:\/\/uuu-berlin.de\/de\/wp-json\/wp\/v2\/comments?post=1490"}],"version-history":[{"count":101,"href":"https:\/\/uuu-berlin.de\/de\/wp-json\/wp\/v2\/pages\/1490\/revisions"}],"predecessor-version":[{"id":2523,"href":"https:\/\/uuu-berlin.de\/de\/wp-json\/wp\/v2\/pages\/1490\/revisions\/2523"}],"wp:attachment":[{"href":"https:\/\/uuu-berlin.de\/de\/wp-json\/wp\/v2\/media?parent=1490"}],"curies":[{"name":"wp","href":"https:\/\/api.w.org\/{rel}","templated":true}]}}