{"id":1492,"date":"2023-05-25T10:10:58","date_gmt":"2023-05-25T10:10:58","guid":{"rendered":"http:\/\/relaunch.uuu-berlin.de\/?page_id=1492"},"modified":"2025-11-13T22:01:58","modified_gmt":"2025-11-13T22:01:58","slug":"private","status":"publish","type":"page","link":"https:\/\/uuu-berlin.de\/de\/private\/","title":{"rendered":"Private Dining, Events and Workshops"},"content":{"rendered":"<div class=\"wp-block-cover alignfull is-light has-custom-content-position is-position-top-center\" style=\"min-height:100vh;aspect-ratio:unset;\"><img loading=\"lazy\" decoding=\"async\" width=\"2048\" height=\"1536\" class=\"wp-block-cover__image-background wp-image-2464\" alt=\"\" src=\"https:\/\/uuu-berlin.de\/wp-content\/uploads\/2025\/11\/kombucha-1.jpeg\" data-object-fit=\"cover\" srcset=\"https:\/\/uuu-berlin.de\/wp-content\/uploads\/2025\/11\/kombucha-1.jpeg 2048w, https:\/\/uuu-berlin.de\/wp-content\/uploads\/2025\/11\/kombucha-1-300x225.jpeg 300w, https:\/\/uuu-berlin.de\/wp-content\/uploads\/2025\/11\/kombucha-1-1024x768.jpeg 1024w, https:\/\/uuu-berlin.de\/wp-content\/uploads\/2025\/11\/kombucha-1-768x576.jpeg 768w, https:\/\/uuu-berlin.de\/wp-content\/uploads\/2025\/11\/kombucha-1-1536x1152.jpeg 1536w, https:\/\/uuu-berlin.de\/wp-content\/uploads\/2025\/11\/kombucha-1-16x12.jpeg 16w\" sizes=\"auto, (max-width: 2048px) 100vw, 2048px\" \/><span aria-hidden=\"true\" class=\"wp-block-cover__background has-background-dim-0 has-background-dim has-background-gradient\" style=\"background-color:#FFF;background:linear-gradient(180deg,rgb(0,0,0) 0%,rgba(155,81,224,0) 51%)\"><\/span><div class=\"wp-block-cover__inner-container has-global-padding is-layout-constrained wp-container-core-cover-is-layout-b1fefe26 wp-block-cover-is-layout-constrained\">\n<div class=\"wp-block-group alignfull has-secondary-color has-text-color has-global-padding is-content-justification-center is-layout-constrained wp-container-core-group-is-layout-f2ca5b04 wp-block-group-is-layout-constrained\" style=\"padding-top:var(--wp--preset--spacing--30);padding-right:var(--wp--preset--spacing--30);padding-bottom:var(--wp--preset--spacing--30);padding-left:var(--wp--preset--spacing--30);font-size:clamp(1.696rem, 1.696rem + ((1vw - 0.2rem) * 1.505), 2.9rem);\">\n<div class=\"wp-block-group alignwide is-vertical is-content-justification-center is-layout-flex wp-container-core-group-is-layout-81423f52 wp-block-group-is-layout-flex\"><h1 class=\"wp-elements-894557bdf7dc12bbd52f598fa19e9456 wp-block-site-title has-xx-large-font-size\">UUU<\/h1>\n\n<nav style=\"font-size:clamp(0.875rem, 0.875rem + ((1vw - 0.2rem) * 0.156), 1rem);\" class=\"items-justified-left wp-block-navigation is-horizontal is-content-justification-left is-layout-flex wp-container-core-navigation-is-layout-111119e3 wp-block-navigation-is-layout-flex\" aria-label=\"Desktop Men\u00fc\"><ul style=\"font-size:clamp(0.875rem, 0.875rem + ((1vw - 0.2rem) * 0.156), 1rem);\" class=\"wp-block-navigation__container items-justified-left wp-block-navigation\"><li style=\"font-size: clamp(0.875rem, 0.875rem + ((1vw - 0.2rem) * 0.156), 1rem);\" class=\"wp-block-navigation-item  menu-item menu-item-type-post_type menu-item-object-page wp-block-navigation-link\"><a class=\"wp-block-navigation-item__content\"  href=\"https:\/\/uuu-berlin.de\/de\/about\/\" title=\"\"><span class=\"wp-block-navigation-item__label\">\u00fcber uns<\/span><\/a><\/li><li style=\"font-size: clamp(0.875rem, 0.875rem + ((1vw - 0.2rem) * 0.156), 1rem);\" class=\"wp-block-navigation-item  menu-item menu-item-type-post_type menu-item-object-page wp-block-navigation-link\"><a class=\"wp-block-navigation-item__content\"  href=\"https:\/\/uuu-berlin.de\/de\/menu\/\" title=\"\"><span class=\"wp-block-navigation-item__label\">karte<\/span><\/a><\/li><li style=\"font-size: clamp(0.875rem, 0.875rem + ((1vw - 0.2rem) * 0.156), 1rem);\" class=\"wp-block-navigation-item  menu-item menu-item-type-post_type menu-item-object-page wp-block-navigation-link\"><a class=\"wp-block-navigation-item__content\"  href=\"https:\/\/uuu-berlin.de\/de\/private\/\" title=\"\"><span class=\"wp-block-navigation-item__label\">private events<\/span><\/a><\/li><li style=\"font-size: clamp(0.875rem, 0.875rem + ((1vw - 0.2rem) * 0.156), 1rem);\" class=\"wp-block-navigation-item  menu-item menu-item-type-post_type menu-item-object-page wp-block-navigation-link\"><a class=\"wp-block-navigation-item__content\"  href=\"https:\/\/uuu-berlin.de\/de\/faq\/\" title=\"\"><span class=\"wp-block-navigation-item__label\">faq<\/span><\/a><\/li><li style=\"font-size: clamp(0.875rem, 0.875rem + ((1vw - 0.2rem) * 0.156), 1rem);\" class=\"wp-block-navigation-item wp-block-navigation-link\"><a class=\"wp-block-navigation-item__content\"  href=\"https:\/\/uuu-berlin.de\/de\/chilioil\/\"><span class=\"wp-block-navigation-item__label\">chili oil<\/span><\/a><\/li><\/ul><\/nav><\/div>\n<\/div>\n<\/div><\/div>\n\n\n\n<div style=\"height:50px\" aria-hidden=\"true\" class=\"wp-block-spacer\"><\/div>\n\n\n\n<div class=\"wp-block-group has-global-padding is-layout-constrained wp-block-group-is-layout-constrained\">\n<h2 class=\"wp-block-heading\">Privates Dinner<\/h2>\n\n\n\n<p>Wenn Sie uns mit einer Gruppe von sechs oder mehr Personen besuchen m\u00f6chten, k\u00f6nnen wir Ihnen ein privates Dinner innerhalb oder au\u00dferhalb unserer regul\u00e4ren \u00d6ffnungszeiten anbieten. F\u00fcr Ihren privaten Anlass k\u00f6nnen wir m\u00f6glicherweise individuelle Speise- oder Getr\u00e4nkew\u00fcnsche erf\u00fcllen.<\/p>\n<\/div>\n\n\n\n<div class=\"wp-block-group has-global-padding is-layout-constrained wp-block-group-is-layout-constrained\">\n<h2 class=\"wp-block-heading\">events<\/h2>\n\n\n\n<p class=\"has-medium-font-size\">Ob Sie ein Dinner, einen Empfang oder eine Verkostung im UUU veranstalten m\u00f6chten oder uns einladen, an einem anderen Ort Ihrer Wahl zu kochen \u2013 wir sind immer offen f\u00fcr Veranstaltungen jeder Art.<\/p>\n<\/div>\n\n\n\n<div class=\"wp-block-group has-global-padding is-layout-constrained wp-block-group-is-layout-constrained\">\n<h2 class=\"wp-block-heading\">workshops<\/h2>\n\n\n\n<p class=\"has-medium-font-size\">Von Zeit zu Zeit bieten wir Workshops zu chinesischer K\u00fcche, Tofu-Herstellung, Tee oder Kombucha an. Alle geplanten Workshops finden Sie auf dieser Seite. Wenn Sie einen speziellen Wunsch f\u00fcr einen Workshop oder eine Pr\u00e4sentation haben, k\u00f6nnen Sie uns gerne kontaktieren. <\/p>\n\n\n\n<iframe frameborder=\"0\" src=\"https:\/\/bookings.zenchef.com\/privatisation?rid=373188&amp;pid=1001\" class=\"\" allowfullscreen style=\"width:100%;max-width:100%;height:850px\"><\/iframe>\n<\/div>","protected":false},"excerpt":{"rendered":"<p>private dining If you plan to visit us with a group of six or more, we can offer you a private dinner, within or outside of our regular opening hours. For your private occasion, we may be able to accommodate special food or drink requests. events Whether you plan to host a dinner, reception or [&hellip;]<\/p>\n","protected":false},"author":3,"featured_media":0,"parent":0,"menu_order":0,"comment_status":"closed","ping_status":"closed","template":"","meta":{"footnotes":""},"class_list":["post-1492","page","type-page","status-publish","hentry"],"_links":{"self":[{"href":"https:\/\/uuu-berlin.de\/de\/wp-json\/wp\/v2\/pages\/1492","targetHints":{"allow":["GET"]}}],"collection":[{"href":"https:\/\/uuu-berlin.de\/de\/wp-json\/wp\/v2\/pages"}],"about":[{"href":"https:\/\/uuu-berlin.de\/de\/wp-json\/wp\/v2\/types\/page"}],"author":[{"embeddable":true,"href":"https:\/\/uuu-berlin.de\/de\/wp-json\/wp\/v2\/users\/3"}],"replies":[{"embeddable":true,"href":"https:\/\/uuu-berlin.de\/de\/wp-json\/wp\/v2\/comments?post=1492"}],"version-history":[{"count":38,"href":"https:\/\/uuu-berlin.de\/de\/wp-json\/wp\/v2\/pages\/1492\/revisions"}],"predecessor-version":[{"id":2518,"href":"https:\/\/uuu-berlin.de\/de\/wp-json\/wp\/v2\/pages\/1492\/revisions\/2518"}],"wp:attachment":[{"href":"https:\/\/uuu-berlin.de\/de\/wp-json\/wp\/v2\/media?parent=1492"}],"curies":[{"name":"wp","href":"https:\/\/api.w.org\/{rel}","templated":true}]}}