{"id":1990,"date":"2023-10-09T19:57:58","date_gmt":"2023-10-09T19:57:58","guid":{"rendered":"http:\/\/relaunch.uuu-berlin.de\/?page_id=1990"},"modified":"2025-03-27T10:09:12","modified_gmt":"2025-03-27T10:09:12","slug":"terms","status":"publish","type":"page","link":"https:\/\/uuu-berlin.de\/de\/terms\/","title":{"rendered":"Allgemeine Gesch\u00e4ftsbedingungen"},"content":{"rendered":"<div class=\"wp-block-group has-global-padding is-layout-constrained wp-block-group-is-layout-constrained\"><h2 class=\"wp-block-post-title\">Allgemeine Gesch\u00e4ftsbedingungen<\/h2>\n\n\n<p>Wir freuen uns darauf, gemeinsam mit Ihnen die Vielfalt der chinesischen K\u00fcche zu entdecken. UUU unterscheidet sich ein wenig von den meisten anderen Restaurants; daher m\u00f6chten wir Sie darauf hinweisen, dass f\u00fcr Reservierungen in unserem Restaurant die folgenden allgemeinen Gesch\u00e4ftsbedingungen gelten:<\/p>\n\n\n\n<h3 class=\"wp-block-heading\">Umfang<\/h3>\n\n\n\n<p>Eine Reservierung in unserem Restaurant, ob m\u00fcndlich oder elektronisch vorgenommen, gilt als Anerkennung sowohl dieser Allgemeinen Gesch\u00e4ftsbedingungen, als auch jeglicher Gesch\u00e4ftsbedingungen unserer Reservierungs- und Zahlungsdienstleister.<\/p>\n\n\n\n<h3 class=\"wp-block-heading\">Reservierungen und Stornierungen<\/h3>\n\n\n\n<p>Reservierungen sind verbindlich, sowohl in Bezug auf das gew\u00e4hlte Datum als auch auf die Anzahl der reservierten Pl\u00e4tze. Bei Reservierungen bis zu 4 Personen sind Stornierungen oder \u00c4nderungen der Buchung bis 24 Stunden vor dem geplanten Restaurantbesuch m\u00f6glich.<\/p>\n\n\n\n<p>Bei Buchungen f\u00fcr mehr als 4 Personen betr\u00e4gt die Frist f\u00fcr Stornierungen oder \u00c4nderungen der Buchung 14 Tage.<\/p>\n\n\n\n<p>Nach Ablauf der Frist stellen wir eine Stornierungsgeb\u00fchr von 40 Euro pro Person in Rechnung. Gleiches gilt, wenn die reservierten Pl\u00e4tze zur vereinbarten Zeit nicht genutzt werden, d.h. G\u00e4ste nicht erscheinen oder nicht in der angek\u00fcndigten Anzahl.<\/p>\n\n\n\n<p>Stornierungen sind nur direkt \u00fcber unser Buchungssystem m\u00f6glich.<\/p>\n\n\n\n<h3 class=\"wp-block-heading\">Gutscheine<\/h3>\n\n\n\n<p>Von uns ausgegebene Geschenkgutscheine weisen immer einen Geldwert aus und sind 24 Monate ab Kaufdatum g\u00fcltig. Bitte beachten Sie, dass sich unsere Preise im Laufe der Zeit \u00e4ndern k\u00f6nnen. Ein Gutschein kann nur einmal verwendet werden, und der angegebene Geldwert gilt. Eine Barzahlung f\u00fcr Gutscheine ist nicht m\u00f6glich. Pro Gast und Besuch kann nur ein Gutschein eingel\u00f6st werden.<\/p>\n\n\n\n<h3 class=\"wp-block-heading\">Bezahlung<\/h3>\n\n\n\n<p>Wir akzeptieren nur Kartenzahlung. Bargeld-Zahlung ist nicht m\u00f6glich.<\/p>\n\n\n\n<p><em>Letztes Update: 19. Februar 2025<\/em>5<\/p>\n<\/div>","protected":false},"excerpt":{"rendered":"<p>We are delighted to explore the diversity of Chinese cuisine together with you. UUU is a bit different from most other restaurants; therefore, we would like to inform you that the following terms and conditions apply to reservations at our restaurant: Scope A reservation at our UUU restaurant, whether made orally or electronically, is considered [&hellip;]<\/p>\n","protected":false},"author":1,"featured_media":0,"parent":0,"menu_order":0,"comment_status":"closed","ping_status":"closed","template":"","meta":{"footnotes":""},"class_list":["post-1990","page","type-page","status-publish","hentry"],"_links":{"self":[{"href":"https:\/\/uuu-berlin.de\/de\/wp-json\/wp\/v2\/pages\/1990","targetHints":{"allow":["GET"]}}],"collection":[{"href":"https:\/\/uuu-berlin.de\/de\/wp-json\/wp\/v2\/pages"}],"about":[{"href":"https:\/\/uuu-berlin.de\/de\/wp-json\/wp\/v2\/types\/page"}],"author":[{"embeddable":true,"href":"https:\/\/uuu-berlin.de\/de\/wp-json\/wp\/v2\/users\/1"}],"replies":[{"embeddable":true,"href":"https:\/\/uuu-berlin.de\/de\/wp-json\/wp\/v2\/comments?post=1990"}],"version-history":[{"count":11,"href":"https:\/\/uuu-berlin.de\/de\/wp-json\/wp\/v2\/pages\/1990\/revisions"}],"predecessor-version":[{"id":2387,"href":"https:\/\/uuu-berlin.de\/de\/wp-json\/wp\/v2\/pages\/1990\/revisions\/2387"}],"wp:attachment":[{"href":"https:\/\/uuu-berlin.de\/de\/wp-json\/wp\/v2\/media?parent=1990"}],"curies":[{"name":"wp","href":"https:\/\/api.w.org\/{rel}","templated":true}]}}